
{"id":18703,"date":"2021-11-08T10:08:46","date_gmt":"2021-11-08T10:08:46","guid":{"rendered":"https:\/\/bebeespace.com\/lien-he\/"},"modified":"2023-03-07T04:04:31","modified_gmt":"2023-03-07T04:04:31","slug":"lien-he-bebee-space","status":"publish","type":"page","link":"https:\/\/bebeespace.com\/vi\/lien-he-bebee-space\/","title":{"rendered":"Contact US &#8211; LadiPage"},"content":{"rendered":"\t\t<div data-elementor-type=\"wp-page\" data-elementor-id=\"18703\" class=\"elementor elementor-18703\">\n\t\t\t\t\t\t\t\t\t<section class=\"elementor-section elementor-top-section elementor-element elementor-element-5ce387a elementor-section-boxed elementor-section-height-default elementor-section-height-default\" data-id=\"5ce387a\" data-element_type=\"section\">\n\t\t\t\t\t\t<div class=\"elementor-container elementor-column-gap-default\">\n\t\t\t\t\t<div class=\"elementor-column elementor-col-100 elementor-top-column elementor-element elementor-element-7f19d1b\" data-id=\"7f19d1b\" data-element_type=\"column\">\n\t\t\t<div class=\"elementor-widget-wrap elementor-element-populated\">\n\t\t\t\t\t\t\t\t<div class=\"elementor-element elementor-element-a5223e5 elementor-widget elementor-widget-heading\" data-id=\"a5223e5\" data-element_type=\"widget\" data-widget_type=\"heading.default\">\n\t\t\t\t<div class=\"elementor-widget-container\">\n\t\t\t<style>\/*! elementor - v3.12.1 - 02-04-2023 *\/\n.elementor-heading-title{padding:0;margin:0;line-height:1}.elementor-widget-heading .elementor-heading-title[class*=elementor-size-]>a{color:inherit;font-size:inherit;line-height:inherit}.elementor-widget-heading .elementor-heading-title.elementor-size-small{font-size:15px}.elementor-widget-heading .elementor-heading-title.elementor-size-medium{font-size:19px}.elementor-widget-heading .elementor-heading-title.elementor-size-large{font-size:29px}.elementor-widget-heading .elementor-heading-title.elementor-size-xl{font-size:39px}.elementor-widget-heading .elementor-heading-title.elementor-size-xxl{font-size:59px}<\/style><h1 class=\"elementor-heading-title elementor-size-xl\">Li\u00ean h\u1ec7 v\u1edbi ch\u00fang t\u00f4i<\/h1>\t\t<\/div>\n\t\t\t\t<\/div>\n\t\t\t\t<div class=\"elementor-element elementor-element-47ea52c elementor-widget elementor-widget-text-editor\" data-id=\"47ea52c\" data-element_type=\"widget\" data-widget_type=\"text-editor.default\">\n\t\t\t\t<div class=\"elementor-widget-container\">\n\t\t\t<style>\/*! elementor - v3.12.1 - 02-04-2023 *\/\n.elementor-widget-text-editor.elementor-drop-cap-view-stacked .elementor-drop-cap{background-color:#69727d;color:#fff}.elementor-widget-text-editor.elementor-drop-cap-view-framed .elementor-drop-cap{color:#69727d;border:3px solid;background-color:transparent}.elementor-widget-text-editor:not(.elementor-drop-cap-view-default) .elementor-drop-cap{margin-top:8px}.elementor-widget-text-editor:not(.elementor-drop-cap-view-default) .elementor-drop-cap-letter{width:1em;height:1em}.elementor-widget-text-editor .elementor-drop-cap{float:left;text-align:center;line-height:1;font-size:50px}.elementor-widget-text-editor .elementor-drop-cap-letter{display:inline-block}<\/style>\t\t\t\t<p id=\"tw-target-text\" class=\"tw-data-text tw-text-large tw-ta\" dir=\"ltr\" data-placeholder=\"Translation\"><span class=\"Y2IQFc\" lang=\"vi\">B\u1ea1n \u0111ang t\u00ecm ki\u1ebfm m\u1ed9t kh\u00f4ng gian l\u00e0m vi\u1ec7c t\u1ed1t nh\u1ea5t ngay trung t\u00e2m Qu\u1eadn 1, Tp.HCM? <\/span><\/p><p class=\"tw-data-text tw-text-large tw-ta\" dir=\"ltr\" data-placeholder=\"Translation\"><span class=\"Y2IQFc\" lang=\"vi\">Ch\u00fang t\u00f4i l\u00e0 m\u1ed9t trong nh\u1eefng <b>V\u0103n ph\u00f2ng cho thu\u00ea Co-working Space \u0111\u1ea7u ti\u00ean t\u1ea1i Qu\u1eadn 1 c\u00f3 di\u1ec7n t\u00edch h\u01a1n 5.000 m2, <\/b>cho ph\u00e9p ch\u00fang t\u00f4i tr\u1edf th\u00e0nh m\u1ed9t l\u1ef1a ch\u1ecdn <b>ph\u00f9 h\u1ee3p v\u1edbi m\u1ecdi quy m\u00f4 c\u00f4ng ty<\/b>! <\/span><\/p><p class=\"tw-data-text tw-text-large tw-ta\" dir=\"ltr\" data-placeholder=\"Translation\"><span class=\"Y2IQFc\" lang=\"vi\">G\u1ecdi cho ch\u00fang t\u00f4i ngay theo s\u1ed1 <b>(+84) 767 225 025 <\/b><\/span>ho\u1eb7c g\u1eedi email cho ch\u00fang t\u00f4i t\u1ea1i <b>support@bebeespace.com<\/b><\/p><p dir=\"ltr\" data-placeholder=\"Translation\">D\u00f9 l\u00e0 b\u1ea5t c\u1ee9 l\u00fd do g\u00ec b\u1ea1n c\u1ea7n BeBee, h\u00e3y \u0111\u1ec3 th\u00f4ng tin c\u1ee7a b\u1ea1n l\u1ea1i t\u1ea1i \u0111\u00e2y v\u00e0 \u0111\u1ed9i BeBee s\u1ebd li\u00ean l\u1ea1c v\u1edbi b\u1ea1n s\u1edbm nh\u1ea5t c\u00f3 th\u1ec3!\u00a0<\/p><p dir=\"ltr\" data-placeholder=\"Translation\">\u00a0<\/p>\t\t\t\t\t\t<\/div>\n\t\t\t\t<\/div>\n\t\t\t\t<section class=\"elementor-section elementor-inner-section elementor-element elementor-element-ba8eff3 elementor-section-boxed elementor-section-height-default elementor-section-height-default\" data-id=\"ba8eff3\" data-element_type=\"section\">\n\t\t\t\t\t\t<div class=\"elementor-container elementor-column-gap-default\">\n\t\t\t\t\t<div class=\"elementor-column elementor-col-100 elementor-inner-column elementor-element elementor-element-696affc\" data-id=\"696affc\" data-element_type=\"column\">\n\t\t\t<div class=\"elementor-widget-wrap elementor-element-populated\">\n\t\t\t\t\t\t\t\t<div class=\"elementor-element elementor-element-f14843d elementor-widget elementor-widget-shortcode\" data-id=\"f14843d\" data-element_type=\"widget\" data-widget_type=\"shortcode.default\">\n\t\t\t\t<div class=\"elementor-widget-container\">\n\t\t\t\t\t<div class=\"elementor-shortcode\"><div class=\"wpforms-container wpforms-container-full\" id=\"wpforms-19410\"><form id=\"wpforms-form-19410\" class=\"wpforms-validate wpforms-form\" data-formid=\"19410\" method=\"post\" enctype=\"multipart\/form-data\" action=\"\/vi\/wp-json\/wp\/v2\/pages\/18703\"><div class=\"wpforms-field-container\"><div id=\"wpforms-19410-field_1-container\" class=\"wpforms-field wpforms-field-text wpforms-one-half wpforms-first fghj\" data-field-id=\"1\"><label class=\"wpforms-field-label wpforms-label-hide\" for=\"wpforms-19410-field_1\">First Name* <span class=\"wpforms-required-label\">*<\/span><\/label><input type=\"text\" id=\"wpforms-19410-field_1\" class=\"wpforms-field-medium wpforms-field-required\" name=\"wpforms[fields][1]\" placeholder=\"First Name*\" required><\/div><div id=\"wpforms-19410-field_2-container\" class=\"wpforms-field wpforms-field-text wpforms-one-half fghj\" data-field-id=\"2\"><label class=\"wpforms-field-label wpforms-label-hide\" for=\"wpforms-19410-field_2\">Last Name* <span class=\"wpforms-required-label\">*<\/span><\/label><input type=\"text\" id=\"wpforms-19410-field_2\" class=\"wpforms-field-medium wpforms-field-required\" name=\"wpforms[fields][2]\" placeholder=\"Last Name*\" required><\/div><div id=\"wpforms-19410-field_3-container\" class=\"wpforms-field wpforms-field-email wpforms-one-half wpforms-first fghj\" data-field-id=\"3\"><label class=\"wpforms-field-label wpforms-label-hide\" for=\"wpforms-19410-field_3\">Email <span class=\"wpforms-required-label\">*<\/span><\/label><input type=\"email\" id=\"wpforms-19410-field_3\" class=\"wpforms-field-medium wpforms-field-required\" name=\"wpforms[fields][3]\" placeholder=\"Email*\" required><\/div><div id=\"wpforms-19410-field_4-container\" class=\"wpforms-field wpforms-field-text wpforms-one-half fghj\" data-field-id=\"4\"><label class=\"wpforms-field-label wpforms-label-hide\" for=\"wpforms-19410-field_4\">Phone number* <span class=\"wpforms-required-label\">*<\/span><\/label><input type=\"text\" id=\"wpforms-19410-field_4\" class=\"wpforms-field-medium wpforms-field-required\" name=\"wpforms[fields][4]\" placeholder=\"Phone number*\" required><\/div><div id=\"wpforms-19410-field_5-container\" class=\"wpforms-field wpforms-field-select wpforms-one-half wpforms-first fghj\" data-field-id=\"5\"><label class=\"wpforms-field-label wpforms-label-hide\" for=\"wpforms-19410-field_5\">I&#039;m interested in<\/label><select name=\"wpforms[fields][5]\" id=\"wpforms-19410-field_5\" class=\"wpforms-field-medium\" ><option value=\"\" class=\"placeholder\" disabled  selected='selected'>I&#039;m interested in<\/option><option value=\"Finding workspace\" >Finding workspace<\/option><option value=\"Book event space\/meeting room\" >Book event space\/meeting room<\/option><option value=\"Partnerships\" >Partnerships<\/option><option value=\"Something else\" >Something else<\/option><\/select><\/div><div id=\"wpforms-19410-field_6-container\" class=\"wpforms-field wpforms-field-text wpforms-one-half fghj\" data-field-id=\"6\"><label class=\"wpforms-field-label wpforms-label-hide\" for=\"wpforms-19410-field_6\">Company<\/label><input type=\"text\" id=\"wpforms-19410-field_6\" class=\"wpforms-field-medium\" name=\"wpforms[fields][6]\" placeholder=\"Company\" ><\/div><div id=\"wpforms-19410-field_7-container\" class=\"wpforms-field wpforms-field-number wpforms-one-half wpforms-first fghj\" data-field-id=\"7\"><label class=\"wpforms-field-label wpforms-label-hide\" for=\"wpforms-19410-field_7\">Team Size<\/label><input type=\"number\" pattern=\"[0-9]*\" id=\"wpforms-19410-field_7\" class=\"wpforms-field-medium\" name=\"wpforms[fields][7]\" placeholder=\"Team Size\" ><\/div><div id=\"wpforms-19410-field_8-container\" class=\"wpforms-field wpforms-field-text wpforms-one-half fghj\" data-field-id=\"8\"><label class=\"wpforms-field-label wpforms-label-hide\" for=\"wpforms-19410-field_8\">Additional Information<\/label><input type=\"text\" id=\"wpforms-19410-field_8\" class=\"wpforms-field-medium\" name=\"wpforms[fields][8]\" placeholder=\"Additional Information\" ><\/div><\/div><div class=\"wpforms-submit-container\" ><input type=\"hidden\" name=\"wpforms[id]\" value=\"19410\"><input type=\"hidden\" name=\"wpforms[author]\" value=\"1\"><button type=\"submit\" name=\"wpforms[submit]\" class=\"wpforms-submit \" id=\"wpforms-submit-19410\" value=\"wpforms-submit\" data-alt-text=\"Sending...\">Submit information<\/button><\/div><\/form><\/div><\/div>\n\t\t\t\t<\/div>\n\t\t\t\t<\/div>\n\t\t\t\t\t<\/div>\n\t\t<\/div>\n\t\t\t\t\t\t\t<\/div>\n\t\t<\/section>\n\t\t\t\t\t<\/div>\n\t\t<\/div>\n\t\t\t\t\t\t\t<\/div>\n\t\t<\/section>\n\t\t\t\t<section class=\"elementor-section elementor-top-section elementor-element elementor-element-f0c4e4b elementor-section-boxed elementor-section-height-default elementor-section-height-default\" data-id=\"f0c4e4b\" data-element_type=\"section\">\n\t\t\t\t\t\t<div class=\"elementor-container elementor-column-gap-default\">\n\t\t\t\t\t<div class=\"elementor-column elementor-col-100 elementor-top-column elementor-element elementor-element-28baf4b\" data-id=\"28baf4b\" data-element_type=\"column\">\n\t\t\t<div class=\"elementor-widget-wrap elementor-element-populated\">\n\t\t\t\t\t\t\t\t<div class=\"elementor-element elementor-element-c34780e elementor-widget elementor-widget-spacer\" data-id=\"c34780e\" data-element_type=\"widget\" data-widget_type=\"spacer.default\">\n\t\t\t\t<div class=\"elementor-widget-container\">\n\t\t\t<style>\/*! elementor - v3.12.1 - 02-04-2023 *\/\n.elementor-column .elementor-spacer-inner{height:var(--spacer-size)}.e-con{--container-widget-width:100%}.e-con-inner>.elementor-widget-spacer,.e-con>.elementor-widget-spacer{width:var(--container-widget-width,var(--spacer-size));--align-self:var(--container-widget-align-self,initial);--flex-shrink:0}.e-con-inner>.elementor-widget-spacer>.elementor-widget-container,.e-con-inner>.elementor-widget-spacer>.elementor-widget-container>.elementor-spacer,.e-con>.elementor-widget-spacer>.elementor-widget-container,.e-con>.elementor-widget-spacer>.elementor-widget-container>.elementor-spacer{height:100%}.e-con-inner>.elementor-widget-spacer>.elementor-widget-container>.elementor-spacer>.elementor-spacer-inner,.e-con>.elementor-widget-spacer>.elementor-widget-container>.elementor-spacer>.elementor-spacer-inner{height:var(--container-widget-height,var(--spacer-size))}<\/style>\t\t<div class=\"elementor-spacer\">\n\t\t\t<div class=\"elementor-spacer-inner\"><\/div>\n\t\t<\/div>\n\t\t\t\t<\/div>\n\t\t\t\t<\/div>\n\t\t\t\t<div class=\"elementor-element elementor-element-7e5eef4 elementor-widget elementor-widget-google_maps\" data-id=\"7e5eef4\" data-element_type=\"widget\" data-widget_type=\"google_maps.default\">\n\t\t\t\t<div class=\"elementor-widget-container\">\n\t\t\t<style>\/*! elementor - v3.12.1 - 02-04-2023 *\/\n.elementor-widget-google_maps .elementor-widget-container{overflow:hidden}.elementor-widget-google_maps .elementor-custom-embed{line-height:0}.elementor-widget-google_maps iframe{height:300px}<\/style>\t\t<div class=\"elementor-custom-embed\">\n\t\t\t<iframe loading=\"lazy\"\n\t\t\t\t\tsrc=\"https:\/\/maps.google.com\/maps?q=87A%20ham%20Nghi&#038;t=m&#038;z=15&#038;output=embed&#038;iwloc=near\"\n\t\t\t\t\ttitle=\"87A ham Nghi\"\n\t\t\t\t\taria-label=\"87A ham Nghi\"\n\t\t\t><\/iframe>\n\t\t<\/div>\n\t\t\t\t<\/div>\n\t\t\t\t<\/div>\n\t\t\t\t<div class=\"elementor-element elementor-element-04d8476 elementor-widget elementor-widget-spacer\" data-id=\"04d8476\" data-element_type=\"widget\" data-widget_type=\"spacer.default\">\n\t\t\t\t<div class=\"elementor-widget-container\">\n\t\t\t\t\t<div class=\"elementor-spacer\">\n\t\t\t<div class=\"elementor-spacer-inner\"><\/div>\n\t\t<\/div>\n\t\t\t\t<\/div>\n\t\t\t\t<\/div>\n\t\t\t\t\t<\/div>\n\t\t<\/div>\n\t\t\t\t\t\t\t<\/div>\n\t\t<\/section>\n\t\t\t\t<section class=\"elementor-section elementor-top-section elementor-element elementor-element-655e1f5 elementor-section-boxed elementor-section-height-default elementor-section-height-default\" data-id=\"655e1f5\" data-element_type=\"section\">\n\t\t\t\t\t\t<div class=\"elementor-container elementor-column-gap-default\">\n\t\t\t\t\t<div class=\"elementor-column elementor-col-100 elementor-top-column elementor-element elementor-element-f547241\" data-id=\"f547241\" data-element_type=\"column\">\n\t\t\t<div class=\"elementor-widget-wrap elementor-element-populated\">\n\t\t\t\t\t\t\t\t<div class=\"elementor-element elementor-element-df172c6 elementor-widget elementor-widget-html\" data-id=\"df172c6\" data-element_type=\"widget\" data-widget_type=\"html.default\">\n\t\t\t\t<div class=\"elementor-widget-container\">\n\t\t\t<style>\ninput,select {\n    border: none !important;\n}\n .fghj{\n     border: none !important;\n    border-bottom: 1px solid #a3a3a3 !important;\n    border-radius: 0px;\n }   \n button#wpforms-submit-19410 {\n    background: transparent !important;\n    border: none !important;\n    border: 3px solid #d53666 !important;\n    border-radius: 60px !important;\n    color: #d53666 !important;\n}\nbutton#wpforms-submit-19410 {\n    margin-top: 80px !important;\n}\n<\/style>\t\t<\/div>\n\t\t\t\t<\/div>\n\t\t\t\t<div class=\"elementor-element elementor-element-2ef0382 elementor-widget elementor-widget-spacer\" data-id=\"2ef0382\" data-element_type=\"widget\" data-widget_type=\"spacer.default\">\n\t\t\t\t<div class=\"elementor-widget-container\">\n\t\t\t\t\t<div class=\"elementor-spacer\">\n\t\t\t<div class=\"elementor-spacer-inner\"><\/div>\n\t\t<\/div>\n\t\t\t\t<\/div>\n\t\t\t\t<\/div>\n\t\t\t\t<div class=\"elementor-element elementor-element-3b6332a elementor-widget elementor-widget-heading\" data-id=\"3b6332a\" data-element_type=\"widget\" data-widget_type=\"heading.default\">\n\t\t\t\t<div class=\"elementor-widget-container\">\n\t\t\t<h2 class=\"elementor-heading-title elementor-size-default\">Di chuy\u1ec3n thu\u1eadn ti\u1ec7n h\u01a1n v\u1edbi Metro B\u1ebfn Th\u00e0nh<\/h2>\t\t<\/div>\n\t\t\t\t<\/div>\n\t\t\t\t<section class=\"elementor-section elementor-inner-section elementor-element elementor-element-96f6ecf elementor-section-boxed elementor-section-height-default elementor-section-height-default\" data-id=\"96f6ecf\" data-element_type=\"section\">\n\t\t\t\t\t\t<div class=\"elementor-container elementor-column-gap-default\">\n\t\t\t\t\t<div class=\"elementor-column elementor-col-50 elementor-inner-column elementor-element elementor-element-dbc4275\" data-id=\"dbc4275\" data-element_type=\"column\">\n\t\t\t<div class=\"elementor-widget-wrap elementor-element-populated\">\n\t\t\t\t\t\t\t\t<div class=\"elementor-element elementor-element-422ecba elementor-widget elementor-widget-spacer\" data-id=\"422ecba\" data-element_type=\"widget\" data-widget_type=\"spacer.default\">\n\t\t\t\t<div class=\"elementor-widget-container\">\n\t\t\t\t\t<div class=\"elementor-spacer\">\n\t\t\t<div class=\"elementor-spacer-inner\"><\/div>\n\t\t<\/div>\n\t\t\t\t<\/div>\n\t\t\t\t<\/div>\n\t\t\t\t<div class=\"elementor-element elementor-element-9b3ff7d elementor-widget elementor-widget-text-editor\" data-id=\"9b3ff7d\" data-element_type=\"widget\" data-widget_type=\"text-editor.default\">\n\t\t\t\t<div class=\"elementor-widget-container\">\n\t\t\t\t\t\t\t<p><span style=\"font-weight: 400;\">V\u1edbi k\u1ebf ho\u1ea1ch d\u1ef1 \u00e1n c\u1ee7a S\u00e0i G\u00f2n Metro, \u0111\u01b0\u1eddng H\u00e0m Nghi \u0111\u00e3 gi\u00e0nh l\u1ee3i th\u1ebf khi t\u1ecda l\u1ea1c ngay tr\u00ean 1 trong 3 \u0111\u1ecba \u0111i\u1ec3m k\u1ebft n\u1ed1i ch\u00ednh v\u1edbi c\u00e1c tuy\u1ebfn \u0111\u01b0\u1eddng t\u00e0u \u0111i\u1ec7n th\u00f4ng su\u1ed1t S\u00e0i G\u00f2n &#8211; <\/span><b>B\u1ebfn Th\u00e0nh s\u1ebd l\u00e0 nh\u00e0 ga trung t\u00e2m k\u1ebft n\u1ed1i v\u1edbi 6 \u0111\u01b0\u1eddng h\u1ea7m nh\u00e0 ga<\/b><span style=\"font-weight: 400;\">.\u00a0<\/span><\/p><p><span style=\"font-weight: 400;\">V\u1edbi l\u1ee3i th\u1ebf c\u1ee7a d\u1ef1 \u00e1n quy ho\u1ea1ch trong 40 n\u0103m ph\u00e1t tri\u1ec3n v\u00e0 h\u1ed9i nh\u1eadp qu\u1ed1c t\u1ebf, \u0111\u01b0\u1eddng H\u00e0m Nghi tr\u1edf th\u00e0nh 1 trong 5 tuy\u1ebfn \u0111\u01b0\u1eddng quan tr\u1ecdng trong s\u1ef1 ph\u00e1t tri\u1ec3n kinh t\u1ebf t\u01b0\u01a1ng lai c\u1ee7a Th\u00e0nh Ph\u1ed1. <\/span><b>\u0110\u01b0\u1eddng H\u00e0m Nghi l\u00e0 tr\u1ee5 s\u1edf c\u1ee7a c\u00e1c ng\u00e2n h\u00e0ng l\u1edbn v\u00e0 h\u1ed9i s\u1edf, thu\u1eadn ti\u1ec7n cho vi\u1ec7c giao d\u1ecbch qu\u1ed1c t\u1ebf.<\/b><\/p>\t\t\t\t\t\t<\/div>\n\t\t\t\t<\/div>\n\t\t\t\t\t<\/div>\n\t\t<\/div>\n\t\t\t\t<div class=\"elementor-column elementor-col-50 elementor-inner-column elementor-element elementor-element-c304149\" data-id=\"c304149\" data-element_type=\"column\">\n\t\t\t<div class=\"elementor-widget-wrap elementor-element-populated\">\n\t\t\t\t\t\t\t\t<div class=\"elementor-element elementor-element-6b4f93f elementor-widget elementor-widget-spacer\" data-id=\"6b4f93f\" data-element_type=\"widget\" data-widget_type=\"spacer.default\">\n\t\t\t\t<div class=\"elementor-widget-container\">\n\t\t\t\t\t<div class=\"elementor-spacer\">\n\t\t\t<div class=\"elementor-spacer-inner\"><\/div>\n\t\t<\/div>\n\t\t\t\t<\/div>\n\t\t\t\t<\/div>\n\t\t\t\t<div class=\"elementor-element elementor-element-183701c elementor-widget elementor-widget-image\" data-id=\"183701c\" data-element_type=\"widget\" data-widget_type=\"image.default\">\n\t\t\t\t<div class=\"elementor-widget-container\">\n\t\t\t<style>\/*! elementor - v3.12.1 - 02-04-2023 *\/\n.elementor-widget-image{text-align:center}.elementor-widget-image a{display:inline-block}.elementor-widget-image a img[src$=\".svg\"]{width:48px}.elementor-widget-image img{vertical-align:middle;display:inline-block}<\/style>\t\t\t\t\t\t\t\t\t\t\t\t<img loading=\"lazy\" decoding=\"async\" width=\"800\" height=\"600\" src=\"https:\/\/bebeespace.com\/wp-content\/uploads\/2022\/09\/ben-thanh-pedestrian-plaza-L.jpeg\" class=\"attachment-large size-large wp-image-19760\" alt=\"\" srcset=\"https:\/\/bebeespace.com\/wp-content\/uploads\/2022\/09\/ben-thanh-pedestrian-plaza-L.jpeg 800w, https:\/\/bebeespace.com\/wp-content\/uploads\/2022\/09\/ben-thanh-pedestrian-plaza-L-300x225.jpeg 300w, https:\/\/bebeespace.com\/wp-content\/uploads\/2022\/09\/ben-thanh-pedestrian-plaza-L-768x576.jpeg 768w, https:\/\/bebeespace.com\/wp-content\/uploads\/2022\/09\/ben-thanh-pedestrian-plaza-L-535x401.jpeg 535w\" sizes=\"auto, (max-width: 800px) 100vw, 800px\" \/>\t\t\t\t\t\t\t\t\t\t\t\t\t\t\t<\/div>\n\t\t\t\t<\/div>\n\t\t\t\t\t<\/div>\n\t\t<\/div>\n\t\t\t\t\t\t\t<\/div>\n\t\t<\/section>\n\t\t\t\t<div class=\"elementor-element elementor-element-97c1adb elementor-widget elementor-widget-spacer\" data-id=\"97c1adb\" data-element_type=\"widget\" data-widget_type=\"spacer.default\">\n\t\t\t\t<div class=\"elementor-widget-container\">\n\t\t\t\t\t<div class=\"elementor-spacer\">\n\t\t\t<div class=\"elementor-spacer-inner\"><\/div>\n\t\t<\/div>\n\t\t\t\t<\/div>\n\t\t\t\t<\/div>\n\t\t\t\t\t<\/div>\n\t\t<\/div>\n\t\t\t\t\t\t\t<\/div>\n\t\t<\/section>\n\t\t\t\t\t\t\t<\/div>\n\t\t","protected":false},"excerpt":{"rendered":"<p>Li\u00ean h\u1ec7 v\u1edbi ch\u00fang t\u00f4i B\u1ea1n \u0111ang t\u00ecm ki\u1ebfm m\u1ed9t kh\u00f4ng gian l\u00e0m vi\u1ec7c t\u1ed1t nh\u1ea5t ngay trung t\u00e2m Qu\u1eadn 1, Tp.HCM? Ch\u00fang t\u00f4i l\u00e0 m\u1ed9t trong nh\u1eefng V\u0103n ph\u00f2ng cho thu\u00ea Co-working Space \u0111\u1ea7u ti\u00ean t\u1ea1i Qu\u1eadn 1 c\u00f3 di\u1ec7n t\u00edch h\u01a1n 5.000 m2, cho ph\u00e9p ch\u00fang t\u00f4i tr\u1edf th\u00e0nh m\u1ed9t l\u1ef1a ch\u1ecdn ph\u00f9<\/p>\n","protected":false},"author":1,"featured_media":0,"parent":0,"menu_order":0,"comment_status":"closed","ping_status":"closed","template":"","meta":{"content-type":"","_mi_skip_tracking":false,"footnotes":""},"class_list":["post-18703","page","type-page","status-publish","hentry"],"aioseo_notices":[],"_links":{"self":[{"href":"https:\/\/bebeespace.com\/vi\/wp-json\/wp\/v2\/pages\/18703","targetHints":{"allow":["GET"]}}],"collection":[{"href":"https:\/\/bebeespace.com\/vi\/wp-json\/wp\/v2\/pages"}],"about":[{"href":"https:\/\/bebeespace.com\/vi\/wp-json\/wp\/v2\/types\/page"}],"author":[{"embeddable":true,"href":"https:\/\/bebeespace.com\/vi\/wp-json\/wp\/v2\/users\/1"}],"replies":[{"embeddable":true,"href":"https:\/\/bebeespace.com\/vi\/wp-json\/wp\/v2\/comments?post=18703"}],"version-history":[{"count":32,"href":"https:\/\/bebeespace.com\/vi\/wp-json\/wp\/v2\/pages\/18703\/revisions"}],"predecessor-version":[{"id":19953,"href":"https:\/\/bebeespace.com\/vi\/wp-json\/wp\/v2\/pages\/18703\/revisions\/19953"}],"wp:attachment":[{"href":"https:\/\/bebeespace.com\/vi\/wp-json\/wp\/v2\/media?parent=18703"}],"curies":[{"name":"wp","href":"https:\/\/api.w.org\/{rel}","templated":true}]}}